{"id":69,"date":"2020-06-24T05:55:28","date_gmt":"2020-06-24T05:55:28","guid":{"rendered":"https:\/\/jupiterx.artbees.net\/accountant\/?page_id=69"},"modified":"2024-01-19T07:05:58","modified_gmt":"2024-01-19T12:05:58","slug":"montadora-de-stands","status":"publish","type":"page","link":"https:\/\/youreventssolution.com\/pt-br\/montadora-de-stands\/","title":{"rendered":"Quem somos"},"content":{"rendered":"\t\t<div data-elementor-type=\"wp-page\" data-elementor-id=\"69\" class=\"elementor elementor-69\">\n\t\t\t\t\t\t\t\t\t<section class=\"elementor-section elementor-top-section elementor-element elementor-element-2bf26d2 elementor-section-height-full elementor-section-boxed elementor-section-height-default elementor-section-items-middle\" data-id=\"2bf26d2\" data-element_type=\"section\" data-settings=\"{&quot;jet_parallax_layout_list&quot;:[{&quot;jet_parallax_layout_image&quot;:{&quot;url&quot;:&quot;&quot;,&quot;id&quot;:&quot;&quot;,&quot;size&quot;:&quot;&quot;},&quot;_id&quot;:&quot;bd17729&quot;,&quot;jet_parallax_layout_image_tablet&quot;:{&quot;url&quot;:&quot;&quot;,&quot;id&quot;:&quot;&quot;,&quot;size&quot;:&quot;&quot;},&quot;jet_parallax_layout_image_mobile&quot;:{&quot;url&quot;:&quot;&quot;,&quot;id&quot;:&quot;&quot;,&quot;size&quot;:&quot;&quot;},&quot;jet_parallax_layout_speed&quot;:{&quot;unit&quot;:&quot;%&quot;,&quot;size&quot;:&quot;50&quot;,&quot;sizes&quot;:[]},&quot;jet_parallax_layout_bg_x&quot;:&quot;50&quot;,&quot;jet_parallax_layout_bg_y&quot;:&quot;50&quot;,&quot;jet_parallax_layout_type&quot;:&quot;scroll&quot;,&quot;jet_parallax_layout_direction&quot;:null,&quot;jet_parallax_layout_fx_direction&quot;:null,&quot;jet_parallax_layout_z_index&quot;:&quot;&quot;,&quot;jet_parallax_layout_bg_x_tablet&quot;:&quot;&quot;,&quot;jet_parallax_layout_bg_x_mobile&quot;:&quot;&quot;,&quot;jet_parallax_layout_bg_y_tablet&quot;:&quot;&quot;,&quot;jet_parallax_layout_bg_y_mobile&quot;:&quot;&quot;,&quot;jet_parallax_layout_bg_size&quot;:&quot;auto&quot;,&quot;jet_parallax_layout_bg_size_tablet&quot;:&quot;&quot;,&quot;jet_parallax_layout_bg_size_mobile&quot;:&quot;&quot;,&quot;jet_parallax_layout_animation_prop&quot;:&quot;transform&quot;,&quot;jet_parallax_layout_on&quot;:[&quot;desktop&quot;,&quot;tablet&quot;]}],&quot;background_background&quot;:&quot;classic&quot;}\">\n\t\t\t\t\t\t\t<div class=\"elementor-background-overlay\"><\/div>\n\t\t\t\t\t\t\t<div class=\"elementor-container elementor-column-gap-no\">\n\t\t\t\t\t<div class=\"elementor-column elementor-col-100 elementor-top-column elementor-element elementor-element-380f002\" data-id=\"380f002\" data-element_type=\"column\">\n\t\t\t<div class=\"elementor-widget-wrap elementor-element-populated\">\n\t\t\t\t\t\t\t\t<div class=\"elementor-element elementor-element-6d3584f elementor-widget elementor-widget-heading\" data-id=\"6d3584f\" data-element_type=\"widget\" data-widget_type=\"heading.default\">\n\t\t\t\t<div class=\"elementor-widget-container\">\n\t\t\t<style>\/*! elementor - v3.18.0 - 20-12-2023 *\/\n.elementor-heading-title{padding:0;margin:0;line-height:1}.elementor-widget-heading .elementor-heading-title[class*=elementor-size-]>a{color:inherit;font-size:inherit;line-height:inherit}.elementor-widget-heading .elementor-heading-title.elementor-size-small{font-size:15px}.elementor-widget-heading .elementor-heading-title.elementor-size-medium{font-size:19px}.elementor-widget-heading .elementor-heading-title.elementor-size-large{font-size:29px}.elementor-widget-heading .elementor-heading-title.elementor-size-xl{font-size:39px}.elementor-widget-heading .elementor-heading-title.elementor-size-xxl{font-size:59px}<\/style><h1 class=\"elementor-heading-title elementor-size-default\">Quem somos<\/h1>\t\t<\/div>\n\t\t\t\t<\/div>\n\t\t\t\t\t<\/div>\n\t\t<\/div>\n\t\t\t\t\t\t\t<\/div>\n\t\t<\/section>\n\t\t\t\t<section class=\"elementor-section elementor-top-section elementor-element elementor-element-ae22bd2 elementor-section-boxed elementor-section-height-default elementor-section-height-default\" data-id=\"ae22bd2\" data-element_type=\"section\" data-settings=\"{&quot;jet_parallax_layout_list&quot;:[]}\">\n\t\t\t\t\t\t<div class=\"elementor-container elementor-column-gap-default\">\n\t\t\t\t\t<div class=\"elementor-column elementor-col-50 elementor-top-column elementor-element elementor-element-ad40004\" data-id=\"ad40004\" data-element_type=\"column\">\n\t\t\t<div class=\"elementor-widget-wrap elementor-element-populated\">\n\t\t\t\t\t\t\t\t<div class=\"elementor-element elementor-element-055db80 elementor-widget elementor-widget-text-editor\" data-id=\"055db80\" data-element_type=\"widget\" data-widget_type=\"text-editor.default\">\n\t\t\t\t<div class=\"elementor-widget-container\">\n\t\t\t<style>\/*! elementor - v3.18.0 - 20-12-2023 *\/\n.elementor-widget-text-editor.elementor-drop-cap-view-stacked .elementor-drop-cap{background-color:#69727d;color:#fff}.elementor-widget-text-editor.elementor-drop-cap-view-framed .elementor-drop-cap{color:#69727d;border:3px solid;background-color:transparent}.elementor-widget-text-editor:not(.elementor-drop-cap-view-default) .elementor-drop-cap{margin-top:8px}.elementor-widget-text-editor:not(.elementor-drop-cap-view-default) .elementor-drop-cap-letter{width:1em;height:1em}.elementor-widget-text-editor .elementor-drop-cap{float:left;text-align:center;line-height:1;font-size:50px}.elementor-widget-text-editor .elementor-drop-cap-letter{display:inline-block}<\/style>\t\t\t\t<p>A Your Events Solution atua no ramo de eventos, oferecendo servi\u00e7o completo de consultoria para os setores empresarial, governamental e privado.<\/p><p>Possu\u00edmos mais de 20 anos de experi\u00eancia no mercado internacional, facilitando assim os tr\u00e2mites para a realiza\u00e7\u00e3o do seu evento e proporcionando experi\u00eancias e resultados memor\u00e1veis.<\/p><p>Nosso diferencial est\u00e1 na modernidade e inova\u00e7\u00e3o dos nossos projetos, atrav\u00e9s de designs personalizados e funcionais, capazes de atender \u00e0 expectativa dos nossos clientes.<\/p><p>Nossa equipe \u00e9 composta por profissionais capacitados e dedicados a oferecer servi\u00e7os de alta qualidade, que nos permitem cultivar uma vasta lista de clientes fi\u00e9is.<\/p><p>Como lidamos com clientes de v\u00e1rias nacionalidades, nossa equipe possui experi\u00eancia multicultural e bil\u00edngue para melhor auxiliar os nossos clientes em todas as \u00e1reas do evento.<\/p>\t\t\t\t\t\t<\/div>\n\t\t\t\t<\/div>\n\t\t\t\t\t<\/div>\n\t\t<\/div>\n\t\t\t\t<div class=\"elementor-column elementor-col-50 elementor-top-column elementor-element elementor-element-7295e95\" data-id=\"7295e95\" data-element_type=\"column\">\n\t\t\t<div class=\"elementor-widget-wrap elementor-element-populated\">\n\t\t\t\t\t\t\t\t<div class=\"elementor-element elementor-element-06856f6 elementor-widget elementor-widget-image\" data-id=\"06856f6\" data-element_type=\"widget\" data-widget_type=\"image.default\">\n\t\t\t\t<div class=\"elementor-widget-container\">\n\t\t\t<style>\/*! elementor - v3.18.0 - 20-12-2023 *\/\n.elementor-widget-image{text-align:center}.elementor-widget-image a{display:inline-block}.elementor-widget-image a img[src$=\".svg\"]{width:48px}.elementor-widget-image img{vertical-align:middle;display:inline-block}<\/style>\t\t\t\t\t\t\t\t\t\t\t\t<img fetchpriority=\"high\" decoding=\"async\" width=\"552\" height=\"396\" src=\"https:\/\/youreventssolution.com\/pt-br\/wp-content\/uploads\/2024\/01\/9-3.png\" class=\"attachment-large size-large wp-image-425\" alt=\"\" srcset=\"https:\/\/youreventssolution.com\/pt-br\/wp-content\/uploads\/2024\/01\/9-3.png 552w, https:\/\/youreventssolution.com\/pt-br\/wp-content\/uploads\/2024\/01\/9-3-300x215.png 300w\" sizes=\"(max-width: 552px) 100vw, 552px\" \/>\t\t\t\t\t\t\t\t\t\t\t\t\t\t\t<\/div>\n\t\t\t\t<\/div>\n\t\t\t\t\t<\/div>\n\t\t<\/div>\n\t\t\t\t\t\t\t<\/div>\n\t\t<\/section>\n\t\t\t\t\t\t\t<\/div>\n\t\t","protected":false},"excerpt":{"rendered":"<p>A Your Events Solution atua no ramo de eventos, oferecendo servi\u00e7o completo de consultoria para os setores empresarial, governamental e privado. Possu\u00edmos mais de 20 anos de experi\u00eancia no mercado internacional, facilitando assim os tr\u00e2mites para a realiza\u00e7\u00e3o do seu evento e proporcionando experi\u00eancias e resultados memor\u00e1veis. Nosso diferencial est\u00e1 na modernidade e inova\u00e7\u00e3o dos [&hellip;]<\/p>\n","protected":false},"author":1,"featured_media":370,"parent":0,"menu_order":0,"comment_status":"closed","ping_status":"closed","template":"full-width.php","meta":{"footnotes":""},"class_list":["post-69","page","type-page","status-publish","has-post-thumbnail","hentry"],"acf":[],"yoast_head":"<!-- This site is optimized with the Yoast SEO plugin v21.8.1 - https:\/\/yoast.com\/wordpress\/plugins\/seo\/ -->\n<title>Conhe\u00e7a A Your Events Solution \u2013 Montadora De Stands<\/title>\n<meta name=\"description\" content=\"Montadora De Stands Com Mais De 20 Anos No Mercado Internacional. Constru\u00e7\u00e3o, Design e Instala\u00e7\u00e3o De Stands Para Feiras. Oferecemos Consultoria Completa.\" \/>\n<meta name=\"robots\" content=\"index, follow, max-snippet:-1, max-image-preview:large, max-video-preview:-1\" \/>\n<link rel=\"canonical\" href=\"https:\/\/youreventssolution.com\/pt-br\/montadora-de-stands\/\" \/>\n<meta property=\"og:locale\" content=\"es_ES\" \/>\n<meta property=\"og:type\" content=\"article\" \/>\n<meta property=\"og:title\" content=\"Conhe\u00e7a A Your Events Solution \u2013 Montadora De Stands\" \/>\n<meta property=\"og:description\" content=\"Montadora De Stands Com Mais De 20 Anos No Mercado Internacional. Constru\u00e7\u00e3o, Design e Instala\u00e7\u00e3o De Stands Para Feiras. Oferecemos Consultoria Completa.\" \/>\n<meta property=\"og:url\" content=\"https:\/\/youreventssolution.com\/pt-br\/montadora-de-stands\/\" \/>\n<meta property=\"og:site_name\" content=\"Your Events Solution\" \/>\n<meta property=\"article:publisher\" content=\"https:\/\/www.facebook.com\/yesyoureventssolution\" \/>\n<meta property=\"article:modified_time\" content=\"2024-01-19T12:05:58+00:00\" \/>\n<meta property=\"og:image\" content=\"https:\/\/youreventssolution.com\/pt-br\/wp-content\/uploads\/2024\/01\/DSC4456_1-scaled-1.jpg\" \/>\n\t<meta property=\"og:image:width\" content=\"2560\" \/>\n\t<meta property=\"og:image:height\" content=\"1707\" \/>\n\t<meta property=\"og:image:type\" content=\"image\/jpeg\" \/>\n<meta name=\"twitter:card\" content=\"summary_large_image\" \/>\n<meta name=\"twitter:label1\" content=\"Tiempo estimado de lectura\" \/>\n\t<meta name=\"twitter:data1\" content=\"1 minuto\" \/>\n<script type=\"application\/ld+json\" class=\"yoast-schema-graph\">{\"@context\":\"https:\/\/schema.org\",\"@graph\":[{\"@type\":\"WebPage\",\"@id\":\"https:\/\/youreventssolution.com\/pt-br\/montadora-de-stands\/\",\"url\":\"https:\/\/youreventssolution.com\/pt-br\/montadora-de-stands\/\",\"name\":\"Conhe\u00e7a A Your Events Solution \u2013 Montadora De Stands\",\"isPartOf\":{\"@id\":\"https:\/\/youreventssolution.com\/pt-br\/#website\"},\"datePublished\":\"2020-06-24T05:55:28+00:00\",\"dateModified\":\"2024-01-19T12:05:58+00:00\",\"description\":\"Montadora De Stands Com Mais De 20 Anos No Mercado Internacional. Constru\u00e7\u00e3o, Design e Instala\u00e7\u00e3o De Stands Para Feiras. Oferecemos Consultoria Completa.\",\"breadcrumb\":{\"@id\":\"https:\/\/youreventssolution.com\/pt-br\/montadora-de-stands\/#breadcrumb\"},\"inLanguage\":\"es-CO\",\"potentialAction\":[{\"@type\":\"ReadAction\",\"target\":[\"https:\/\/youreventssolution.com\/pt-br\/montadora-de-stands\/\"]}]},{\"@type\":\"BreadcrumbList\",\"@id\":\"https:\/\/youreventssolution.com\/pt-br\/montadora-de-stands\/#breadcrumb\",\"itemListElement\":[{\"@type\":\"ListItem\",\"position\":1,\"name\":\"Inicio\",\"item\":\"https:\/\/youreventssolution.com\/pt-br\/\"},{\"@type\":\"ListItem\",\"position\":2,\"name\":\"Quem somos\"}]},{\"@type\":\"WebSite\",\"@id\":\"https:\/\/youreventssolution.com\/pt-br\/#website\",\"url\":\"https:\/\/youreventssolution.com\/pt-br\/\",\"name\":\"Your Events Solution\",\"description\":\"\",\"publisher\":{\"@id\":\"https:\/\/youreventssolution.com\/pt-br\/#organization\"},\"potentialAction\":[{\"@type\":\"SearchAction\",\"target\":{\"@type\":\"EntryPoint\",\"urlTemplate\":\"https:\/\/youreventssolution.com\/pt-br\/?s={search_term_string}\"},\"query-input\":\"required name=search_term_string\"}],\"inLanguage\":\"es-CO\"},{\"@type\":\"Organization\",\"@id\":\"https:\/\/youreventssolution.com\/pt-br\/#organization\",\"name\":\"Your Events Solution\",\"url\":\"https:\/\/youreventssolution.com\/pt-br\/\",\"logo\":{\"@type\":\"ImageObject\",\"inLanguage\":\"es-CO\",\"@id\":\"https:\/\/youreventssolution.com\/pt-br\/#\/schema\/logo\/image\/\",\"url\":\"\",\"contentUrl\":\"\",\"caption\":\"Your Events Solution\"},\"image\":{\"@id\":\"https:\/\/youreventssolution.com\/pt-br\/#\/schema\/logo\/image\/\"},\"sameAs\":[\"https:\/\/www.facebook.com\/yesyoureventssolution\",\"https:\/\/www.linkedin.com\/company\/9275164\/\"]}]}<\/script>\n<!-- \/ Yoast SEO plugin. -->","yoast_head_json":{"title":"Conhe\u00e7a A Your Events Solution \u2013 Montadora De Stands","description":"Montadora De Stands Com Mais De 20 Anos No Mercado Internacional. Constru\u00e7\u00e3o, Design e Instala\u00e7\u00e3o De Stands Para Feiras. Oferecemos Consultoria Completa.","robots":{"index":"index","follow":"follow","max-snippet":"max-snippet:-1","max-image-preview":"max-image-preview:large","max-video-preview":"max-video-preview:-1"},"canonical":"https:\/\/youreventssolution.com\/pt-br\/montadora-de-stands\/","og_locale":"es_ES","og_type":"article","og_title":"Conhe\u00e7a A Your Events Solution \u2013 Montadora De Stands","og_description":"Montadora De Stands Com Mais De 20 Anos No Mercado Internacional. Constru\u00e7\u00e3o, Design e Instala\u00e7\u00e3o De Stands Para Feiras. Oferecemos Consultoria Completa.","og_url":"https:\/\/youreventssolution.com\/pt-br\/montadora-de-stands\/","og_site_name":"Your Events Solution","article_publisher":"https:\/\/www.facebook.com\/yesyoureventssolution","article_modified_time":"2024-01-19T12:05:58+00:00","og_image":[{"width":2560,"height":1707,"url":"https:\/\/youreventssolution.com\/pt-br\/wp-content\/uploads\/2024\/01\/DSC4456_1-scaled-1.jpg","type":"image\/jpeg"}],"twitter_card":"summary_large_image","twitter_misc":{"Tiempo estimado de lectura":"1 minuto"},"schema":{"@context":"https:\/\/schema.org","@graph":[{"@type":"WebPage","@id":"https:\/\/youreventssolution.com\/pt-br\/montadora-de-stands\/","url":"https:\/\/youreventssolution.com\/pt-br\/montadora-de-stands\/","name":"Conhe\u00e7a A Your Events Solution \u2013 Montadora De Stands","isPartOf":{"@id":"https:\/\/youreventssolution.com\/pt-br\/#website"},"datePublished":"2020-06-24T05:55:28+00:00","dateModified":"2024-01-19T12:05:58+00:00","description":"Montadora De Stands Com Mais De 20 Anos No Mercado Internacional. Constru\u00e7\u00e3o, Design e Instala\u00e7\u00e3o De Stands Para Feiras. Oferecemos Consultoria Completa.","breadcrumb":{"@id":"https:\/\/youreventssolution.com\/pt-br\/montadora-de-stands\/#breadcrumb"},"inLanguage":"es-CO","potentialAction":[{"@type":"ReadAction","target":["https:\/\/youreventssolution.com\/pt-br\/montadora-de-stands\/"]}]},{"@type":"BreadcrumbList","@id":"https:\/\/youreventssolution.com\/pt-br\/montadora-de-stands\/#breadcrumb","itemListElement":[{"@type":"ListItem","position":1,"name":"Inicio","item":"https:\/\/youreventssolution.com\/pt-br\/"},{"@type":"ListItem","position":2,"name":"Quem somos"}]},{"@type":"WebSite","@id":"https:\/\/youreventssolution.com\/pt-br\/#website","url":"https:\/\/youreventssolution.com\/pt-br\/","name":"Your Events Solution","description":"","publisher":{"@id":"https:\/\/youreventssolution.com\/pt-br\/#organization"},"potentialAction":[{"@type":"SearchAction","target":{"@type":"EntryPoint","urlTemplate":"https:\/\/youreventssolution.com\/pt-br\/?s={search_term_string}"},"query-input":"required name=search_term_string"}],"inLanguage":"es-CO"},{"@type":"Organization","@id":"https:\/\/youreventssolution.com\/pt-br\/#organization","name":"Your Events Solution","url":"https:\/\/youreventssolution.com\/pt-br\/","logo":{"@type":"ImageObject","inLanguage":"es-CO","@id":"https:\/\/youreventssolution.com\/pt-br\/#\/schema\/logo\/image\/","url":"","contentUrl":"","caption":"Your Events Solution"},"image":{"@id":"https:\/\/youreventssolution.com\/pt-br\/#\/schema\/logo\/image\/"},"sameAs":["https:\/\/www.facebook.com\/yesyoureventssolution","https:\/\/www.linkedin.com\/company\/9275164\/"]}]}},"_links":{"self":[{"href":"https:\/\/youreventssolution.com\/pt-br\/wp-json\/wp\/v2\/pages\/69","targetHints":{"allow":["GET"]}}],"collection":[{"href":"https:\/\/youreventssolution.com\/pt-br\/wp-json\/wp\/v2\/pages"}],"about":[{"href":"https:\/\/youreventssolution.com\/pt-br\/wp-json\/wp\/v2\/types\/page"}],"author":[{"embeddable":true,"href":"https:\/\/youreventssolution.com\/pt-br\/wp-json\/wp\/v2\/users\/1"}],"replies":[{"embeddable":true,"href":"https:\/\/youreventssolution.com\/pt-br\/wp-json\/wp\/v2\/comments?post=69"}],"version-history":[{"count":52,"href":"https:\/\/youreventssolution.com\/pt-br\/wp-json\/wp\/v2\/pages\/69\/revisions"}],"predecessor-version":[{"id":1124,"href":"https:\/\/youreventssolution.com\/pt-br\/wp-json\/wp\/v2\/pages\/69\/revisions\/1124"}],"wp:featuredmedia":[{"embeddable":true,"href":"https:\/\/youreventssolution.com\/pt-br\/wp-json\/wp\/v2\/media\/370"}],"wp:attachment":[{"href":"https:\/\/youreventssolution.com\/pt-br\/wp-json\/wp\/v2\/media?parent=69"}],"curies":[{"name":"wp","href":"https:\/\/api.w.org\/{rel}","templated":true}]}}