{"id":748,"date":"2024-01-18T11:51:50","date_gmt":"2024-01-18T16:51:50","guid":{"rendered":"https:\/\/webkreativo.net\/yes-usa\/?page_id=748"},"modified":"2024-01-19T06:25:08","modified_gmt":"2024-01-19T11:25:08","slug":"haga-parte-de-nuestro-equipo","status":"publish","type":"page","link":"https:\/\/youreventssolution.com\/es\/haga-parte-de-nuestro-equipo\/","title":{"rendered":"Haga Parte de Nuestro Equipo"},"content":{"rendered":"\t\t<div data-elementor-type=\"wp-page\" data-elementor-id=\"748\" class=\"elementor elementor-748\">\n\t\t\t\t\t\t\t\t\t<section class=\"elementor-section elementor-top-section elementor-element elementor-element-125e59e elementor-section-height-full elementor-section-boxed elementor-section-height-default elementor-section-items-middle\" data-id=\"125e59e\" data-element_type=\"section\" data-settings=\"{&quot;jet_parallax_layout_list&quot;:[{&quot;jet_parallax_layout_image&quot;:{&quot;url&quot;:&quot;&quot;,&quot;id&quot;:&quot;&quot;,&quot;size&quot;:&quot;&quot;},&quot;_id&quot;:&quot;bd17729&quot;,&quot;jet_parallax_layout_image_tablet&quot;:{&quot;url&quot;:&quot;&quot;,&quot;id&quot;:&quot;&quot;,&quot;size&quot;:&quot;&quot;},&quot;jet_parallax_layout_image_mobile&quot;:{&quot;url&quot;:&quot;&quot;,&quot;id&quot;:&quot;&quot;,&quot;size&quot;:&quot;&quot;},&quot;jet_parallax_layout_speed&quot;:{&quot;unit&quot;:&quot;%&quot;,&quot;size&quot;:&quot;50&quot;,&quot;sizes&quot;:[]},&quot;jet_parallax_layout_bg_x&quot;:&quot;50&quot;,&quot;jet_parallax_layout_bg_y&quot;:&quot;50&quot;,&quot;jet_parallax_layout_type&quot;:&quot;scroll&quot;,&quot;jet_parallax_layout_direction&quot;:null,&quot;jet_parallax_layout_fx_direction&quot;:null,&quot;jet_parallax_layout_z_index&quot;:&quot;&quot;,&quot;jet_parallax_layout_bg_x_tablet&quot;:&quot;&quot;,&quot;jet_parallax_layout_bg_x_mobile&quot;:&quot;&quot;,&quot;jet_parallax_layout_bg_y_tablet&quot;:&quot;&quot;,&quot;jet_parallax_layout_bg_y_mobile&quot;:&quot;&quot;,&quot;jet_parallax_layout_bg_size&quot;:&quot;auto&quot;,&quot;jet_parallax_layout_bg_size_tablet&quot;:&quot;&quot;,&quot;jet_parallax_layout_bg_size_mobile&quot;:&quot;&quot;,&quot;jet_parallax_layout_animation_prop&quot;:&quot;transform&quot;,&quot;jet_parallax_layout_on&quot;:[&quot;desktop&quot;,&quot;tablet&quot;]}],&quot;background_background&quot;:&quot;classic&quot;}\">\n\t\t\t\t\t\t\t<div class=\"elementor-background-overlay\"><\/div>\n\t\t\t\t\t\t\t<div class=\"elementor-container elementor-column-gap-no\">\n\t\t\t\t\t<div class=\"elementor-column elementor-col-100 elementor-top-column elementor-element elementor-element-9fefce9\" data-id=\"9fefce9\" data-element_type=\"column\">\n\t\t\t<div class=\"elementor-widget-wrap elementor-element-populated\">\n\t\t\t\t\t\t\t\t<div class=\"elementor-element elementor-element-0a05710 elementor-widget elementor-widget-heading\" data-id=\"0a05710\" data-element_type=\"widget\" data-widget_type=\"heading.default\">\n\t\t\t\t<div class=\"elementor-widget-container\">\n\t\t\t<style>\/*! elementor - v3.18.0 - 20-12-2023 *\/\n.elementor-heading-title{padding:0;margin:0;line-height:1}.elementor-widget-heading .elementor-heading-title[class*=elementor-size-]>a{color:inherit;font-size:inherit;line-height:inherit}.elementor-widget-heading .elementor-heading-title.elementor-size-small{font-size:15px}.elementor-widget-heading .elementor-heading-title.elementor-size-medium{font-size:19px}.elementor-widget-heading .elementor-heading-title.elementor-size-large{font-size:29px}.elementor-widget-heading .elementor-heading-title.elementor-size-xl{font-size:39px}.elementor-widget-heading .elementor-heading-title.elementor-size-xxl{font-size:59px}<\/style><h1 class=\"elementor-heading-title elementor-size-default\">Haga Parte de Nuestro Equipo<\/h1>\t\t<\/div>\n\t\t\t\t<\/div>\n\t\t\t\t\t<\/div>\n\t\t<\/div>\n\t\t\t\t\t\t\t<\/div>\n\t\t<\/section>\n\t\t\t\t<section class=\"elementor-section elementor-top-section elementor-element elementor-element-4e592902 elementor-section-boxed elementor-section-height-default elementor-section-height-default\" data-id=\"4e592902\" data-element_type=\"section\" data-settings=\"{&quot;jet_parallax_layout_list&quot;:[]}\">\n\t\t\t\t\t\t<div class=\"elementor-container elementor-column-gap-default\">\n\t\t\t\t\t<div class=\"elementor-column elementor-col-50 elementor-top-column elementor-element elementor-element-57babc2b\" data-id=\"57babc2b\" data-element_type=\"column\">\n\t\t\t<div class=\"elementor-widget-wrap elementor-element-populated\">\n\t\t\t\t\t\t\t\t<div class=\"elementor-element elementor-element-404d8b0e elementor-widget elementor-widget-image\" data-id=\"404d8b0e\" data-element_type=\"widget\" data-widget_type=\"image.default\">\n\t\t\t\t<div class=\"elementor-widget-container\">\n\t\t\t<style>\/*! elementor - v3.18.0 - 20-12-2023 *\/\n.elementor-widget-image{text-align:center}.elementor-widget-image a{display:inline-block}.elementor-widget-image a img[src$=\".svg\"]{width:48px}.elementor-widget-image img{vertical-align:middle;display:inline-block}<\/style>\t\t\t\t\t\t\t\t\t\t\t\t<img fetchpriority=\"high\" decoding=\"async\" width=\"552\" height=\"396\" src=\"https:\/\/youreventssolution.com\/es\/wp-content\/uploads\/2024\/01\/work1.png\" class=\"attachment-large size-large wp-image-756\" alt=\"\" srcset=\"https:\/\/youreventssolution.com\/es\/wp-content\/uploads\/2024\/01\/work1.png 552w, https:\/\/youreventssolution.com\/es\/wp-content\/uploads\/2024\/01\/work1-300x215.png 300w\" sizes=\"(max-width: 552px) 100vw, 552px\" \/>\t\t\t\t\t\t\t\t\t\t\t\t\t\t\t<\/div>\n\t\t\t\t<\/div>\n\t\t\t\t\t<\/div>\n\t\t<\/div>\n\t\t\t\t<div class=\"elementor-column elementor-col-50 elementor-top-column elementor-element elementor-element-1b1ea56a\" data-id=\"1b1ea56a\" data-element_type=\"column\">\n\t\t\t<div class=\"elementor-widget-wrap elementor-element-populated\">\n\t\t\t\t\t\t\t\t<div class=\"elementor-element elementor-element-2c8d295b elementor-widget elementor-widget-spacer\" data-id=\"2c8d295b\" data-element_type=\"widget\" data-widget_type=\"spacer.default\">\n\t\t\t\t<div class=\"elementor-widget-container\">\n\t\t\t<style>\/*! elementor - v3.18.0 - 20-12-2023 *\/\n.elementor-column .elementor-spacer-inner{height:var(--spacer-size)}.e-con{--container-widget-width:100%}.e-con-inner>.elementor-widget-spacer,.e-con>.elementor-widget-spacer{width:var(--container-widget-width,var(--spacer-size));--align-self:var(--container-widget-align-self,initial);--flex-shrink:0}.e-con-inner>.elementor-widget-spacer>.elementor-widget-container,.e-con>.elementor-widget-spacer>.elementor-widget-container{height:100%;width:100%}.e-con-inner>.elementor-widget-spacer>.elementor-widget-container>.elementor-spacer,.e-con>.elementor-widget-spacer>.elementor-widget-container>.elementor-spacer{height:100%}.e-con-inner>.elementor-widget-spacer>.elementor-widget-container>.elementor-spacer>.elementor-spacer-inner,.e-con>.elementor-widget-spacer>.elementor-widget-container>.elementor-spacer>.elementor-spacer-inner{height:var(--container-widget-height,var(--spacer-size))}.e-con-inner>.elementor-widget-spacer.elementor-widget-empty,.e-con>.elementor-widget-spacer.elementor-widget-empty{position:relative;min-height:22px;min-width:22px}.e-con-inner>.elementor-widget-spacer.elementor-widget-empty .elementor-widget-empty-icon,.e-con>.elementor-widget-spacer.elementor-widget-empty .elementor-widget-empty-icon{position:absolute;top:0;bottom:0;left:0;right:0;margin:auto;padding:0;width:22px;height:22px}<\/style>\t\t<div class=\"elementor-spacer\">\n\t\t\t<div class=\"elementor-spacer-inner\"><\/div>\n\t\t<\/div>\n\t\t\t\t<\/div>\n\t\t\t\t<\/div>\n\t\t\t\t<div class=\"elementor-element elementor-element-6f97053 elementor-widget elementor-widget-text-editor\" data-id=\"6f97053\" data-element_type=\"widget\" data-widget_type=\"text-editor.default\">\n\t\t\t\t<div class=\"elementor-widget-container\">\n\t\t\t<style>\/*! elementor - v3.18.0 - 20-12-2023 *\/\n.elementor-widget-text-editor.elementor-drop-cap-view-stacked .elementor-drop-cap{background-color:#69727d;color:#fff}.elementor-widget-text-editor.elementor-drop-cap-view-framed .elementor-drop-cap{color:#69727d;border:3px solid;background-color:transparent}.elementor-widget-text-editor:not(.elementor-drop-cap-view-default) .elementor-drop-cap{margin-top:8px}.elementor-widget-text-editor:not(.elementor-drop-cap-view-default) .elementor-drop-cap-letter{width:1em;height:1em}.elementor-widget-text-editor .elementor-drop-cap{float:left;text-align:center;line-height:1;font-size:50px}.elementor-widget-text-editor .elementor-drop-cap-letter{display:inline-block}<\/style>\t\t\t\tSi quiere trabajar en una industria vibrante con oportunidades ilimitadas, env\u00edenos su curr\u00edculum a <strong><a href=\"mailto:info@youreventssolution.com\">info@youreventssolution.com<\/a><\/strong>\n\n\nSiempre estamos buscando dise\u00f1adores, carpinteros, pintores, gerentes de proyectos talentosos.\t\t\t\t\t\t<\/div>\n\t\t\t\t<\/div>\n\t\t\t\t\t<\/div>\n\t\t<\/div>\n\t\t\t\t\t\t\t<\/div>\n\t\t<\/section>\n\t\t\t\t\t\t\t<\/div>\n\t\t","protected":false},"excerpt":{"rendered":"<p>Si quiere trabajar en una industria vibrante con oportunidades ilimitadas, env\u00edenos su curr\u00edculum a info@youreventssolution.com Siempre estamos buscando dise\u00f1adores, carpinteros, pintores, gerentes de proyectos talentosos.<\/p>\n","protected":false},"author":1,"featured_media":750,"parent":0,"menu_order":0,"comment_status":"closed","ping_status":"closed","template":"full-width.php","meta":{"footnotes":""},"class_list":["post-748","page","type-page","status-publish","has-post-thumbnail","hentry"],"acf":[],"yoast_head":"<!-- This site is optimized with the Yoast SEO plugin v21.8.1 - https:\/\/yoast.com\/wordpress\/plugins\/seo\/ -->\n<title>Haga Parte de Nuestro Equipo - Your Events Solution<\/title>\n<meta name=\"robots\" content=\"index, follow, max-snippet:-1, max-image-preview:large, max-video-preview:-1\" \/>\n<link rel=\"canonical\" href=\"https:\/\/youreventssolution.com\/es\/haga-parte-de-nuestro-equipo\/\" \/>\n<meta property=\"og:locale\" content=\"es_ES\" \/>\n<meta property=\"og:type\" content=\"article\" \/>\n<meta property=\"og:title\" content=\"Haga Parte de Nuestro Equipo - Your Events Solution\" \/>\n<meta property=\"og:description\" content=\"Si quiere trabajar en una industria vibrante con oportunidades ilimitadas, env\u00edenos su curr\u00edculum a info@youreventssolution.com Siempre estamos buscando dise\u00f1adores, carpinteros, pintores, gerentes de proyectos talentosos.\" \/>\n<meta property=\"og:url\" content=\"https:\/\/youreventssolution.com\/es\/haga-parte-de-nuestro-equipo\/\" \/>\n<meta property=\"og:site_name\" content=\"Your Events Solution\" \/>\n<meta property=\"article:publisher\" content=\"https:\/\/www.facebook.com\/yesyoureventssolution\" \/>\n<meta property=\"article:modified_time\" content=\"2024-01-19T11:25:08+00:00\" \/>\n<meta property=\"og:image\" content=\"https:\/\/youreventssolution.com\/es\/wp-content\/uploads\/2024\/01\/Screenshot_11.png\" \/>\n\t<meta property=\"og:image:width\" content=\"938\" \/>\n\t<meta property=\"og:image:height\" content=\"618\" \/>\n\t<meta property=\"og:image:type\" content=\"image\/png\" \/>\n<meta name=\"twitter:card\" content=\"summary_large_image\" \/>\n<meta name=\"twitter:label1\" content=\"Tiempo estimado de lectura\" \/>\n\t<meta name=\"twitter:data1\" content=\"1 minuto\" \/>\n<script type=\"application\/ld+json\" class=\"yoast-schema-graph\">{\"@context\":\"https:\/\/schema.org\",\"@graph\":[{\"@type\":\"WebPage\",\"@id\":\"https:\/\/youreventssolution.com\/es\/haga-parte-de-nuestro-equipo\/\",\"url\":\"https:\/\/youreventssolution.com\/es\/haga-parte-de-nuestro-equipo\/\",\"name\":\"Haga Parte de Nuestro Equipo - Your Events Solution\",\"isPartOf\":{\"@id\":\"https:\/\/youreventssolution.com\/es\/#website\"},\"datePublished\":\"2024-01-18T16:51:50+00:00\",\"dateModified\":\"2024-01-19T11:25:08+00:00\",\"breadcrumb\":{\"@id\":\"https:\/\/youreventssolution.com\/es\/haga-parte-de-nuestro-equipo\/#breadcrumb\"},\"inLanguage\":\"es-CO\",\"potentialAction\":[{\"@type\":\"ReadAction\",\"target\":[\"https:\/\/youreventssolution.com\/es\/haga-parte-de-nuestro-equipo\/\"]}]},{\"@type\":\"BreadcrumbList\",\"@id\":\"https:\/\/youreventssolution.com\/es\/haga-parte-de-nuestro-equipo\/#breadcrumb\",\"itemListElement\":[{\"@type\":\"ListItem\",\"position\":1,\"name\":\"Inicio\",\"item\":\"https:\/\/youreventssolution.com\/es\/\"},{\"@type\":\"ListItem\",\"position\":2,\"name\":\"Haga Parte de Nuestro Equipo\"}]},{\"@type\":\"WebSite\",\"@id\":\"https:\/\/youreventssolution.com\/es\/#website\",\"url\":\"https:\/\/youreventssolution.com\/es\/\",\"name\":\"Your Events Solution\",\"description\":\"\",\"publisher\":{\"@id\":\"https:\/\/youreventssolution.com\/es\/#organization\"},\"potentialAction\":[{\"@type\":\"SearchAction\",\"target\":{\"@type\":\"EntryPoint\",\"urlTemplate\":\"https:\/\/youreventssolution.com\/es\/?s={search_term_string}\"},\"query-input\":\"required name=search_term_string\"}],\"inLanguage\":\"es-CO\"},{\"@type\":\"Organization\",\"@id\":\"https:\/\/youreventssolution.com\/es\/#organization\",\"name\":\"Your Events Solution\",\"url\":\"https:\/\/youreventssolution.com\/es\/\",\"logo\":{\"@type\":\"ImageObject\",\"inLanguage\":\"es-CO\",\"@id\":\"https:\/\/youreventssolution.com\/es\/#\/schema\/logo\/image\/\",\"url\":\"\",\"contentUrl\":\"\",\"caption\":\"Your Events Solution\"},\"image\":{\"@id\":\"https:\/\/youreventssolution.com\/es\/#\/schema\/logo\/image\/\"},\"sameAs\":[\"https:\/\/www.facebook.com\/yesyoureventssolution\",\"https:\/\/www.linkedin.com\/company\/9275164\/\"]}]}<\/script>\n<!-- \/ Yoast SEO plugin. -->","yoast_head_json":{"title":"Haga Parte de Nuestro Equipo - Your Events Solution","robots":{"index":"index","follow":"follow","max-snippet":"max-snippet:-1","max-image-preview":"max-image-preview:large","max-video-preview":"max-video-preview:-1"},"canonical":"https:\/\/youreventssolution.com\/es\/haga-parte-de-nuestro-equipo\/","og_locale":"es_ES","og_type":"article","og_title":"Haga Parte de Nuestro Equipo - Your Events Solution","og_description":"Si quiere trabajar en una industria vibrante con oportunidades ilimitadas, env\u00edenos su curr\u00edculum a info@youreventssolution.com Siempre estamos buscando dise\u00f1adores, carpinteros, pintores, gerentes de proyectos talentosos.","og_url":"https:\/\/youreventssolution.com\/es\/haga-parte-de-nuestro-equipo\/","og_site_name":"Your Events Solution","article_publisher":"https:\/\/www.facebook.com\/yesyoureventssolution","article_modified_time":"2024-01-19T11:25:08+00:00","og_image":[{"width":938,"height":618,"url":"https:\/\/youreventssolution.com\/es\/wp-content\/uploads\/2024\/01\/Screenshot_11.png","type":"image\/png"}],"twitter_card":"summary_large_image","twitter_misc":{"Tiempo estimado de lectura":"1 minuto"},"schema":{"@context":"https:\/\/schema.org","@graph":[{"@type":"WebPage","@id":"https:\/\/youreventssolution.com\/es\/haga-parte-de-nuestro-equipo\/","url":"https:\/\/youreventssolution.com\/es\/haga-parte-de-nuestro-equipo\/","name":"Haga Parte de Nuestro Equipo - Your Events Solution","isPartOf":{"@id":"https:\/\/youreventssolution.com\/es\/#website"},"datePublished":"2024-01-18T16:51:50+00:00","dateModified":"2024-01-19T11:25:08+00:00","breadcrumb":{"@id":"https:\/\/youreventssolution.com\/es\/haga-parte-de-nuestro-equipo\/#breadcrumb"},"inLanguage":"es-CO","potentialAction":[{"@type":"ReadAction","target":["https:\/\/youreventssolution.com\/es\/haga-parte-de-nuestro-equipo\/"]}]},{"@type":"BreadcrumbList","@id":"https:\/\/youreventssolution.com\/es\/haga-parte-de-nuestro-equipo\/#breadcrumb","itemListElement":[{"@type":"ListItem","position":1,"name":"Inicio","item":"https:\/\/youreventssolution.com\/es\/"},{"@type":"ListItem","position":2,"name":"Haga Parte de Nuestro Equipo"}]},{"@type":"WebSite","@id":"https:\/\/youreventssolution.com\/es\/#website","url":"https:\/\/youreventssolution.com\/es\/","name":"Your Events Solution","description":"","publisher":{"@id":"https:\/\/youreventssolution.com\/es\/#organization"},"potentialAction":[{"@type":"SearchAction","target":{"@type":"EntryPoint","urlTemplate":"https:\/\/youreventssolution.com\/es\/?s={search_term_string}"},"query-input":"required name=search_term_string"}],"inLanguage":"es-CO"},{"@type":"Organization","@id":"https:\/\/youreventssolution.com\/es\/#organization","name":"Your Events Solution","url":"https:\/\/youreventssolution.com\/es\/","logo":{"@type":"ImageObject","inLanguage":"es-CO","@id":"https:\/\/youreventssolution.com\/es\/#\/schema\/logo\/image\/","url":"","contentUrl":"","caption":"Your Events Solution"},"image":{"@id":"https:\/\/youreventssolution.com\/es\/#\/schema\/logo\/image\/"},"sameAs":["https:\/\/www.facebook.com\/yesyoureventssolution","https:\/\/www.linkedin.com\/company\/9275164\/"]}]}},"_links":{"self":[{"href":"https:\/\/youreventssolution.com\/es\/wp-json\/wp\/v2\/pages\/748","targetHints":{"allow":["GET"]}}],"collection":[{"href":"https:\/\/youreventssolution.com\/es\/wp-json\/wp\/v2\/pages"}],"about":[{"href":"https:\/\/youreventssolution.com\/es\/wp-json\/wp\/v2\/types\/page"}],"author":[{"embeddable":true,"href":"https:\/\/youreventssolution.com\/es\/wp-json\/wp\/v2\/users\/1"}],"replies":[{"embeddable":true,"href":"https:\/\/youreventssolution.com\/es\/wp-json\/wp\/v2\/comments?post=748"}],"version-history":[{"count":20,"href":"https:\/\/youreventssolution.com\/es\/wp-json\/wp\/v2\/pages\/748\/revisions"}],"predecessor-version":[{"id":1135,"href":"https:\/\/youreventssolution.com\/es\/wp-json\/wp\/v2\/pages\/748\/revisions\/1135"}],"wp:featuredmedia":[{"embeddable":true,"href":"https:\/\/youreventssolution.com\/es\/wp-json\/wp\/v2\/media\/750"}],"wp:attachment":[{"href":"https:\/\/youreventssolution.com\/es\/wp-json\/wp\/v2\/media?parent=748"}],"curies":[{"name":"wp","href":"https:\/\/api.w.org\/{rel}","templated":true}]}}