{"id":69,"date":"2020-06-24T05:55:28","date_gmt":"2020-06-24T05:55:28","guid":{"rendered":"https:\/\/jupiterx.artbees.net\/accountant\/?page_id=69"},"modified":"2024-01-19T05:07:22","modified_gmt":"2024-01-19T10:07:22","slug":"quienes-somos","status":"publish","type":"page","link":"https:\/\/youreventssolution.com\/es\/quienes-somos\/","title":{"rendered":"Quienes Somos"},"content":{"rendered":"\t\t<div data-elementor-type=\"wp-page\" data-elementor-id=\"69\" class=\"elementor elementor-69\">\n\t\t\t\t\t\t\t\t\t<section class=\"elementor-section elementor-top-section elementor-element elementor-element-2bf26d2 elementor-section-height-full elementor-section-boxed elementor-section-height-default elementor-section-items-middle\" data-id=\"2bf26d2\" data-element_type=\"section\" data-settings=\"{&quot;jet_parallax_layout_list&quot;:[{&quot;jet_parallax_layout_image&quot;:{&quot;url&quot;:&quot;&quot;,&quot;id&quot;:&quot;&quot;,&quot;size&quot;:&quot;&quot;},&quot;_id&quot;:&quot;bd17729&quot;,&quot;jet_parallax_layout_image_tablet&quot;:{&quot;url&quot;:&quot;&quot;,&quot;id&quot;:&quot;&quot;,&quot;size&quot;:&quot;&quot;},&quot;jet_parallax_layout_image_mobile&quot;:{&quot;url&quot;:&quot;&quot;,&quot;id&quot;:&quot;&quot;,&quot;size&quot;:&quot;&quot;},&quot;jet_parallax_layout_speed&quot;:{&quot;unit&quot;:&quot;%&quot;,&quot;size&quot;:&quot;50&quot;,&quot;sizes&quot;:[]},&quot;jet_parallax_layout_bg_x&quot;:&quot;50&quot;,&quot;jet_parallax_layout_bg_y&quot;:&quot;50&quot;,&quot;jet_parallax_layout_type&quot;:&quot;scroll&quot;,&quot;jet_parallax_layout_direction&quot;:null,&quot;jet_parallax_layout_fx_direction&quot;:null,&quot;jet_parallax_layout_z_index&quot;:&quot;&quot;,&quot;jet_parallax_layout_bg_x_tablet&quot;:&quot;&quot;,&quot;jet_parallax_layout_bg_x_mobile&quot;:&quot;&quot;,&quot;jet_parallax_layout_bg_y_tablet&quot;:&quot;&quot;,&quot;jet_parallax_layout_bg_y_mobile&quot;:&quot;&quot;,&quot;jet_parallax_layout_bg_size&quot;:&quot;auto&quot;,&quot;jet_parallax_layout_bg_size_tablet&quot;:&quot;&quot;,&quot;jet_parallax_layout_bg_size_mobile&quot;:&quot;&quot;,&quot;jet_parallax_layout_animation_prop&quot;:&quot;transform&quot;,&quot;jet_parallax_layout_on&quot;:[&quot;desktop&quot;,&quot;tablet&quot;]}],&quot;background_background&quot;:&quot;classic&quot;}\">\n\t\t\t\t\t\t\t<div class=\"elementor-background-overlay\"><\/div>\n\t\t\t\t\t\t\t<div class=\"elementor-container elementor-column-gap-no\">\n\t\t\t\t\t<div class=\"elementor-column elementor-col-100 elementor-top-column elementor-element elementor-element-380f002\" data-id=\"380f002\" data-element_type=\"column\">\n\t\t\t<div class=\"elementor-widget-wrap elementor-element-populated\">\n\t\t\t\t\t\t\t\t<div class=\"elementor-element elementor-element-6d3584f elementor-widget elementor-widget-heading\" data-id=\"6d3584f\" data-element_type=\"widget\" data-widget_type=\"heading.default\">\n\t\t\t\t<div class=\"elementor-widget-container\">\n\t\t\t<style>\/*! elementor - v3.18.0 - 20-12-2023 *\/\n.elementor-heading-title{padding:0;margin:0;line-height:1}.elementor-widget-heading .elementor-heading-title[class*=elementor-size-]>a{color:inherit;font-size:inherit;line-height:inherit}.elementor-widget-heading .elementor-heading-title.elementor-size-small{font-size:15px}.elementor-widget-heading .elementor-heading-title.elementor-size-medium{font-size:19px}.elementor-widget-heading .elementor-heading-title.elementor-size-large{font-size:29px}.elementor-widget-heading .elementor-heading-title.elementor-size-xl{font-size:39px}.elementor-widget-heading .elementor-heading-title.elementor-size-xxl{font-size:59px}<\/style><h1 class=\"elementor-heading-title elementor-size-default\">Quienes Somos<\/h1>\t\t<\/div>\n\t\t\t\t<\/div>\n\t\t\t\t\t<\/div>\n\t\t<\/div>\n\t\t\t\t\t\t\t<\/div>\n\t\t<\/section>\n\t\t\t\t<section class=\"elementor-section elementor-top-section elementor-element elementor-element-ae22bd2 elementor-section-boxed elementor-section-height-default elementor-section-height-default\" data-id=\"ae22bd2\" data-element_type=\"section\" data-settings=\"{&quot;jet_parallax_layout_list&quot;:[]}\">\n\t\t\t\t\t\t<div class=\"elementor-container elementor-column-gap-default\">\n\t\t\t\t\t<div class=\"elementor-column elementor-col-50 elementor-top-column elementor-element elementor-element-ad40004\" data-id=\"ad40004\" data-element_type=\"column\">\n\t\t\t<div class=\"elementor-widget-wrap elementor-element-populated\">\n\t\t\t\t\t\t\t\t<div class=\"elementor-element elementor-element-055db80 elementor-widget elementor-widget-text-editor\" data-id=\"055db80\" data-element_type=\"widget\" data-widget_type=\"text-editor.default\">\n\t\t\t\t<div class=\"elementor-widget-container\">\n\t\t\t<style>\/*! elementor - v3.18.0 - 20-12-2023 *\/\n.elementor-widget-text-editor.elementor-drop-cap-view-stacked .elementor-drop-cap{background-color:#69727d;color:#fff}.elementor-widget-text-editor.elementor-drop-cap-view-framed .elementor-drop-cap{color:#69727d;border:3px solid;background-color:transparent}.elementor-widget-text-editor:not(.elementor-drop-cap-view-default) .elementor-drop-cap{margin-top:8px}.elementor-widget-text-editor:not(.elementor-drop-cap-view-default) .elementor-drop-cap-letter{width:1em;height:1em}.elementor-widget-text-editor .elementor-drop-cap{float:left;text-align:center;line-height:1;font-size:50px}.elementor-widget-text-editor .elementor-drop-cap-letter{display:inline-block}<\/style>\t\t\t\tUn equipo experimentado en campa\u00f1as de marketing gubernamental y privado, junto a un conocimiento de los mercados internacionales, nos convierte en una compa\u00f1\u00eda exitosa y de alcance global.\n\nEn <strong>\u202fYour Events\u202f Solution<\/strong> \u202fnos distinguimos por nuestra innovaci\u00f3n en el uso de los elementos de dise\u00f1o. Utilizamos estructuras modulares de gran impacto y elementos dise\u00f1ados a medida, d\u00e1ndole un toque moderno a cada uno de sus dise\u00f1os, sin perder de vista su funcionalidad y sin olvidar que nuestro personal se ocupara de todos los aspectos t\u00e9cnicos del evento, para que la exposici\u00f3n sea ejecutada de una manera eficiente. De esta forma, nuestros clientes pueden concentrarse en su objetivo, el marketing y las ventas, y todo esto en su propio idioma.\n\nLa clave de nuestro \u00e9xito radica en nuestro compromiso por la calidad. Cada miembro de nuestro equipo trabaja para lograr la satisfacci\u00f3n total de nuestros clientes por medio de la consistencia, precio y calidad de servicio.\t\t\t\t\t\t<\/div>\n\t\t\t\t<\/div>\n\t\t\t\t\t<\/div>\n\t\t<\/div>\n\t\t\t\t<div class=\"elementor-column elementor-col-50 elementor-top-column elementor-element elementor-element-7295e95\" data-id=\"7295e95\" data-element_type=\"column\">\n\t\t\t<div class=\"elementor-widget-wrap elementor-element-populated\">\n\t\t\t\t\t\t\t\t<div class=\"elementor-element elementor-element-a288142 elementor-widget elementor-widget-image-carousel\" data-id=\"a288142\" data-element_type=\"widget\" data-settings=\"{&quot;slides_to_show&quot;:&quot;1&quot;,&quot;navigation&quot;:&quot;none&quot;,&quot;autoplay&quot;:&quot;yes&quot;,&quot;pause_on_hover&quot;:&quot;yes&quot;,&quot;pause_on_interaction&quot;:&quot;yes&quot;,&quot;autoplay_speed&quot;:5000,&quot;infinite&quot;:&quot;yes&quot;,&quot;effect&quot;:&quot;slide&quot;,&quot;speed&quot;:500}\" data-widget_type=\"image-carousel.default\">\n\t\t\t\t<div class=\"elementor-widget-container\">\n\t\t\t<style>\/*! elementor - v3.18.0 - 20-12-2023 *\/\n.elementor-widget-image-carousel .swiper,.elementor-widget-image-carousel .swiper-container{position:static}.elementor-widget-image-carousel .swiper-container .swiper-slide figure,.elementor-widget-image-carousel .swiper .swiper-slide figure{line-height:inherit}.elementor-widget-image-carousel .swiper-slide{text-align:center}.elementor-image-carousel-wrapper:not(.swiper-container-initialized):not(.swiper-initialized) .swiper-slide{max-width:calc(100% \/ var(--e-image-carousel-slides-to-show, 3))}<\/style>\t\t<div class=\"elementor-image-carousel-wrapper swiper\" dir=\"ltr\">\n\t\t\t<div class=\"elementor-image-carousel swiper-wrapper\" aria-live=\"off\">\n\t\t\t\t\t\t\t\t<div class=\"swiper-slide\" role=\"group\" aria-roledescription=\"slide\" aria-label=\"1 of 10\"><figure class=\"swiper-slide-inner\"><img decoding=\"async\" class=\"swiper-slide-image\" src=\"https:\/\/youreventssolution.com\/es\/wp-content\/uploads\/2024\/01\/1-3.png\" alt=\"1-3\" \/><\/figure><\/div><div class=\"swiper-slide\" role=\"group\" aria-roledescription=\"slide\" aria-label=\"2 of 10\"><figure class=\"swiper-slide-inner\"><img decoding=\"async\" class=\"swiper-slide-image\" src=\"https:\/\/youreventssolution.com\/es\/wp-content\/uploads\/2024\/01\/2-5.png\" alt=\"2-5\" \/><\/figure><\/div><div class=\"swiper-slide\" role=\"group\" aria-roledescription=\"slide\" aria-label=\"3 of 10\"><figure class=\"swiper-slide-inner\"><img decoding=\"async\" class=\"swiper-slide-image\" src=\"https:\/\/youreventssolution.com\/es\/wp-content\/uploads\/2024\/01\/3-6.png\" alt=\"3-6\" \/><\/figure><\/div><div class=\"swiper-slide\" role=\"group\" aria-roledescription=\"slide\" aria-label=\"4 of 10\"><figure class=\"swiper-slide-inner\"><img decoding=\"async\" class=\"swiper-slide-image\" src=\"https:\/\/youreventssolution.com\/es\/wp-content\/uploads\/2024\/01\/4-6.png\" alt=\"4-6\" \/><\/figure><\/div><div class=\"swiper-slide\" role=\"group\" aria-roledescription=\"slide\" aria-label=\"5 of 10\"><figure class=\"swiper-slide-inner\"><img decoding=\"async\" class=\"swiper-slide-image\" src=\"https:\/\/youreventssolution.com\/es\/wp-content\/uploads\/2024\/01\/5-3.png\" alt=\"5-3\" \/><\/figure><\/div><div class=\"swiper-slide\" role=\"group\" aria-roledescription=\"slide\" aria-label=\"6 of 10\"><figure class=\"swiper-slide-inner\"><img decoding=\"async\" class=\"swiper-slide-image\" src=\"https:\/\/youreventssolution.com\/es\/wp-content\/uploads\/2024\/01\/6-3.png\" alt=\"6-3\" \/><\/figure><\/div><div class=\"swiper-slide\" role=\"group\" aria-roledescription=\"slide\" aria-label=\"7 of 10\"><figure class=\"swiper-slide-inner\"><img decoding=\"async\" class=\"swiper-slide-image\" src=\"https:\/\/youreventssolution.com\/es\/wp-content\/uploads\/2024\/01\/7-3.png\" alt=\"7-3\" \/><\/figure><\/div><div class=\"swiper-slide\" role=\"group\" aria-roledescription=\"slide\" aria-label=\"8 of 10\"><figure class=\"swiper-slide-inner\"><img decoding=\"async\" class=\"swiper-slide-image\" src=\"https:\/\/youreventssolution.com\/es\/wp-content\/uploads\/2024\/01\/8-3.png\" alt=\"8-3\" \/><\/figure><\/div><div class=\"swiper-slide\" role=\"group\" aria-roledescription=\"slide\" aria-label=\"9 of 10\"><figure class=\"swiper-slide-inner\"><img decoding=\"async\" class=\"swiper-slide-image\" src=\"https:\/\/youreventssolution.com\/es\/wp-content\/uploads\/2024\/01\/9-3-1.png\" alt=\"9-3\" \/><\/figure><\/div><div class=\"swiper-slide\" role=\"group\" aria-roledescription=\"slide\" aria-label=\"10 of 10\"><figure class=\"swiper-slide-inner\"><img decoding=\"async\" class=\"swiper-slide-image\" src=\"https:\/\/youreventssolution.com\/es\/wp-content\/uploads\/2024\/01\/10-3.png\" alt=\"10-3\" \/><\/figure><\/div>\t\t\t<\/div>\n\t\t\t\t\t\t\t\n\t\t\t\t\t\t\t\t\t<\/div>\n\t\t\t\t<\/div>\n\t\t\t\t<\/div>\n\t\t\t\t\t<\/div>\n\t\t<\/div>\n\t\t\t\t\t\t\t<\/div>\n\t\t<\/section>\n\t\t\t\t\t\t\t<\/div>\n\t\t","protected":false},"excerpt":{"rendered":"<p>Un equipo experimentado en campa\u00f1as de marketing gubernamental y privado, junto a un conocimiento de los mercados internacionales, nos convierte en una compa\u00f1\u00eda exitosa y de alcance global. En \u202fYour Events\u202f Solution \u202fnos distinguimos por nuestra innovaci\u00f3n en el uso de los elementos de dise\u00f1o. Utilizamos estructuras modulares de gran impacto y elementos dise\u00f1ados a [&hellip;]<\/p>\n","protected":false},"author":1,"featured_media":370,"parent":0,"menu_order":0,"comment_status":"closed","ping_status":"closed","template":"full-width.php","meta":{"footnotes":""},"class_list":["post-69","page","type-page","status-publish","has-post-thumbnail","hentry"],"acf":[],"yoast_head":"<!-- This site is optimized with the Yoast SEO plugin v21.8.1 - https:\/\/yoast.com\/wordpress\/plugins\/seo\/ -->\n<title>Quienes Somos - Your Events Solution<\/title>\n<meta name=\"robots\" content=\"index, follow, max-snippet:-1, max-image-preview:large, max-video-preview:-1\" \/>\n<link rel=\"canonical\" href=\"https:\/\/youreventssolution.com\/es\/quienes-somos\/\" \/>\n<meta property=\"og:locale\" content=\"es_ES\" \/>\n<meta property=\"og:type\" content=\"article\" \/>\n<meta property=\"og:title\" content=\"Quienes Somos - Your Events Solution\" \/>\n<meta property=\"og:description\" content=\"Un equipo experimentado en campa\u00f1as de marketing gubernamental y privado, junto a un conocimiento de los mercados internacionales, nos convierte en una compa\u00f1\u00eda exitosa y de alcance global. En \u202fYour Events\u202f Solution \u202fnos distinguimos por nuestra innovaci\u00f3n en el uso de los elementos de dise\u00f1o. Utilizamos estructuras modulares de gran impacto y elementos dise\u00f1ados a [&hellip;]\" \/>\n<meta property=\"og:url\" content=\"https:\/\/youreventssolution.com\/es\/quienes-somos\/\" \/>\n<meta property=\"og:site_name\" content=\"Your Events Solution\" \/>\n<meta property=\"article:publisher\" content=\"https:\/\/www.facebook.com\/yesyoureventssolution\" \/>\n<meta property=\"article:modified_time\" content=\"2024-01-19T10:07:22+00:00\" \/>\n<meta property=\"og:image\" content=\"https:\/\/youreventssolution.com\/es\/wp-content\/uploads\/2024\/01\/DSC4456_1-scaled-1.jpg\" \/>\n\t<meta property=\"og:image:width\" content=\"2560\" \/>\n\t<meta property=\"og:image:height\" content=\"1707\" \/>\n\t<meta property=\"og:image:type\" content=\"image\/jpeg\" \/>\n<meta name=\"twitter:card\" content=\"summary_large_image\" \/>\n<meta name=\"twitter:label1\" content=\"Tiempo estimado de lectura\" \/>\n\t<meta name=\"twitter:data1\" content=\"4 minutos\" \/>\n<script type=\"application\/ld+json\" class=\"yoast-schema-graph\">{\"@context\":\"https:\/\/schema.org\",\"@graph\":[{\"@type\":\"WebPage\",\"@id\":\"https:\/\/youreventssolution.com\/es\/quienes-somos\/\",\"url\":\"https:\/\/youreventssolution.com\/es\/quienes-somos\/\",\"name\":\"Quienes Somos - Your Events Solution\",\"isPartOf\":{\"@id\":\"https:\/\/youreventssolution.com\/es\/#website\"},\"datePublished\":\"2020-06-24T05:55:28+00:00\",\"dateModified\":\"2024-01-19T10:07:22+00:00\",\"breadcrumb\":{\"@id\":\"https:\/\/youreventssolution.com\/es\/quienes-somos\/#breadcrumb\"},\"inLanguage\":\"es-CO\",\"potentialAction\":[{\"@type\":\"ReadAction\",\"target\":[\"https:\/\/youreventssolution.com\/es\/quienes-somos\/\"]}]},{\"@type\":\"BreadcrumbList\",\"@id\":\"https:\/\/youreventssolution.com\/es\/quienes-somos\/#breadcrumb\",\"itemListElement\":[{\"@type\":\"ListItem\",\"position\":1,\"name\":\"Inicio\",\"item\":\"https:\/\/youreventssolution.com\/es\/\"},{\"@type\":\"ListItem\",\"position\":2,\"name\":\"Quienes Somos\"}]},{\"@type\":\"WebSite\",\"@id\":\"https:\/\/youreventssolution.com\/es\/#website\",\"url\":\"https:\/\/youreventssolution.com\/es\/\",\"name\":\"Your Events Solution\",\"description\":\"\",\"publisher\":{\"@id\":\"https:\/\/youreventssolution.com\/es\/#organization\"},\"potentialAction\":[{\"@type\":\"SearchAction\",\"target\":{\"@type\":\"EntryPoint\",\"urlTemplate\":\"https:\/\/youreventssolution.com\/es\/?s={search_term_string}\"},\"query-input\":\"required name=search_term_string\"}],\"inLanguage\":\"es-CO\"},{\"@type\":\"Organization\",\"@id\":\"https:\/\/youreventssolution.com\/es\/#organization\",\"name\":\"Your Events Solution\",\"url\":\"https:\/\/youreventssolution.com\/es\/\",\"logo\":{\"@type\":\"ImageObject\",\"inLanguage\":\"es-CO\",\"@id\":\"https:\/\/youreventssolution.com\/es\/#\/schema\/logo\/image\/\",\"url\":\"\",\"contentUrl\":\"\",\"caption\":\"Your Events Solution\"},\"image\":{\"@id\":\"https:\/\/youreventssolution.com\/es\/#\/schema\/logo\/image\/\"},\"sameAs\":[\"https:\/\/www.facebook.com\/yesyoureventssolution\",\"https:\/\/www.linkedin.com\/company\/9275164\/\"]}]}<\/script>\n<!-- \/ Yoast SEO plugin. -->","yoast_head_json":{"title":"Quienes Somos - Your Events Solution","robots":{"index":"index","follow":"follow","max-snippet":"max-snippet:-1","max-image-preview":"max-image-preview:large","max-video-preview":"max-video-preview:-1"},"canonical":"https:\/\/youreventssolution.com\/es\/quienes-somos\/","og_locale":"es_ES","og_type":"article","og_title":"Quienes Somos - Your Events Solution","og_description":"Un equipo experimentado en campa\u00f1as de marketing gubernamental y privado, junto a un conocimiento de los mercados internacionales, nos convierte en una compa\u00f1\u00eda exitosa y de alcance global. En \u202fYour Events\u202f Solution \u202fnos distinguimos por nuestra innovaci\u00f3n en el uso de los elementos de dise\u00f1o. Utilizamos estructuras modulares de gran impacto y elementos dise\u00f1ados a [&hellip;]","og_url":"https:\/\/youreventssolution.com\/es\/quienes-somos\/","og_site_name":"Your Events Solution","article_publisher":"https:\/\/www.facebook.com\/yesyoureventssolution","article_modified_time":"2024-01-19T10:07:22+00:00","og_image":[{"width":2560,"height":1707,"url":"https:\/\/youreventssolution.com\/es\/wp-content\/uploads\/2024\/01\/DSC4456_1-scaled-1.jpg","type":"image\/jpeg"}],"twitter_card":"summary_large_image","twitter_misc":{"Tiempo estimado de lectura":"4 minutos"},"schema":{"@context":"https:\/\/schema.org","@graph":[{"@type":"WebPage","@id":"https:\/\/youreventssolution.com\/es\/quienes-somos\/","url":"https:\/\/youreventssolution.com\/es\/quienes-somos\/","name":"Quienes Somos - Your Events Solution","isPartOf":{"@id":"https:\/\/youreventssolution.com\/es\/#website"},"datePublished":"2020-06-24T05:55:28+00:00","dateModified":"2024-01-19T10:07:22+00:00","breadcrumb":{"@id":"https:\/\/youreventssolution.com\/es\/quienes-somos\/#breadcrumb"},"inLanguage":"es-CO","potentialAction":[{"@type":"ReadAction","target":["https:\/\/youreventssolution.com\/es\/quienes-somos\/"]}]},{"@type":"BreadcrumbList","@id":"https:\/\/youreventssolution.com\/es\/quienes-somos\/#breadcrumb","itemListElement":[{"@type":"ListItem","position":1,"name":"Inicio","item":"https:\/\/youreventssolution.com\/es\/"},{"@type":"ListItem","position":2,"name":"Quienes Somos"}]},{"@type":"WebSite","@id":"https:\/\/youreventssolution.com\/es\/#website","url":"https:\/\/youreventssolution.com\/es\/","name":"Your Events Solution","description":"","publisher":{"@id":"https:\/\/youreventssolution.com\/es\/#organization"},"potentialAction":[{"@type":"SearchAction","target":{"@type":"EntryPoint","urlTemplate":"https:\/\/youreventssolution.com\/es\/?s={search_term_string}"},"query-input":"required name=search_term_string"}],"inLanguage":"es-CO"},{"@type":"Organization","@id":"https:\/\/youreventssolution.com\/es\/#organization","name":"Your Events Solution","url":"https:\/\/youreventssolution.com\/es\/","logo":{"@type":"ImageObject","inLanguage":"es-CO","@id":"https:\/\/youreventssolution.com\/es\/#\/schema\/logo\/image\/","url":"","contentUrl":"","caption":"Your Events Solution"},"image":{"@id":"https:\/\/youreventssolution.com\/es\/#\/schema\/logo\/image\/"},"sameAs":["https:\/\/www.facebook.com\/yesyoureventssolution","https:\/\/www.linkedin.com\/company\/9275164\/"]}]}},"_links":{"self":[{"href":"https:\/\/youreventssolution.com\/es\/wp-json\/wp\/v2\/pages\/69","targetHints":{"allow":["GET"]}}],"collection":[{"href":"https:\/\/youreventssolution.com\/es\/wp-json\/wp\/v2\/pages"}],"about":[{"href":"https:\/\/youreventssolution.com\/es\/wp-json\/wp\/v2\/types\/page"}],"author":[{"embeddable":true,"href":"https:\/\/youreventssolution.com\/es\/wp-json\/wp\/v2\/users\/1"}],"replies":[{"embeddable":true,"href":"https:\/\/youreventssolution.com\/es\/wp-json\/wp\/v2\/comments?post=69"}],"version-history":[{"count":49,"href":"https:\/\/youreventssolution.com\/es\/wp-json\/wp\/v2\/pages\/69\/revisions"}],"predecessor-version":[{"id":1064,"href":"https:\/\/youreventssolution.com\/es\/wp-json\/wp\/v2\/pages\/69\/revisions\/1064"}],"wp:featuredmedia":[{"embeddable":true,"href":"https:\/\/youreventssolution.com\/es\/wp-json\/wp\/v2\/media\/370"}],"wp:attachment":[{"href":"https:\/\/youreventssolution.com\/es\/wp-json\/wp\/v2\/media?parent=69"}],"curies":[{"name":"wp","href":"https:\/\/api.w.org\/{rel}","templated":true}]}}